{"id":21,"date":"2025-02-12T21:04:57","date_gmt":"2025-02-12T20:04:57","guid":{"rendered":"http:\/\/www.ergotherapie-rieger.at\/?page_id=21"},"modified":"2025-07-14T22:36:09","modified_gmt":"2025-07-14T20:36:09","slug":"ueber-mich","status":"publish","type":"page","link":"https:\/\/www.ergotherapie-rieger.at\/?page_id=21","title":{"rendered":"\u00dcber mich"},"content":{"rendered":"\n<p class=\"has-medium-font-size\"><strong>Mit Herz, Verstand und Naturverbundenheit<\/strong><\/p>\n\n\n\n<p class=\"has-medium-font-size\"><\/p>\n\n\n\n<div class=\"wp-block-stackable-feature stk-block-feature stk-block stk-9b0ee7b is-style-default\" data-v=\"2\" data-block-id=\"9b0ee7b\"><style>.stk-9b0ee7b {--stk-feature-flex-wrap:nowrap !important;}<\/style><div class=\"stk-content-align stk-9b0ee7b-column stk-container stk-9b0ee7b-container stk--no-background stk--no-padding\"><div class=\"stk-inner-blocks stk-block-content stk-row\">\n<div class=\"wp-block-stackable-column stk-block-column stk-column stk-block stk-e8de6d8\" data-v=\"4\" data-block-id=\"e8de6d8\"><style>.stk-e8de6d8 {align-self:center !important;}@media screen and (min-width: 768px){.stk-e8de6d8 {flex:var(--stk-flex-grow, 1) 1 calc(65% - var(--stk-column-gap, 0px) * 1 \/ 2 ) !important;}}<\/style><div class=\"stk-column-wrapper stk-block-column__content stk-container stk-e8de6d8-container stk--no-background stk--no-padding\"><div class=\"stk-block-content stk-inner-blocks stk-e8de6d8-inner-blocks\">\n<p><mark style=\"background-color:rgba(0, 0, 0, 0)\" class=\"has-inline-color has-white-color\"><strong><span style=\"color: #ffffff;\" class=\"stk-highlight\">Ich bin Ergotherapeutin \u2013 weil jeder Mensch das Recht auf ein selbstbestimmtes Leben hat.<\/span><\/strong><\/mark><\/p>\n\n\n\n<div class=\"wp-block-stackable-text stk-block-text stk-block stk-2261f2e\" data-block-id=\"2261f2e\"><style>.stk-2261f2e .stk-block-text__text{font-size:20px !important;}@media screen and (max-width: 1023px){.stk-2261f2e .stk-block-text__text{font-size:20px !important;}}<\/style><p class=\"stk-block-text__text\">In meiner Arbeit steht der Mensch im Mittelpunkt. Mein Ziel ist es, Sie dabei zu unterst\u00fctzen, verlorene F\u00e4higkeiten zur\u00fcckzugewinnen, neue Strategien zu entwickeln und mehr Selbstst\u00e4ndigkeit im Alltag zu erreichen.<\/p><\/div>\n<\/div><\/div><\/div>\n\n\n\n<div class=\"wp-block-stackable-column stk-block-column stk-column stk-block stk-5f83bbc\" data-v=\"4\" data-block-id=\"5f83bbc\"><style>.stk-5f83bbc {align-self:center !important;}@media screen and (min-width: 768px){.stk-5f83bbc {flex:var(--stk-flex-grow, 1) 1 calc(35% - var(--stk-column-gap, 0px) * 1 \/ 2 ) !important;}}<\/style><div class=\"stk-column-wrapper stk-block-column__content stk-container stk-5f83bbc-container stk--no-background stk--no-padding\"><div class=\"stk-block-content stk-inner-blocks stk-5f83bbc-inner-blocks\">\n<div class=\"wp-block-stackable-image stk-block-image stk-block stk-39dcc4b stk-block-background\" data-block-id=\"39dcc4b\"><figure><span class=\"stk-img-wrapper stk-image--shape-stretch\"><img loading=\"lazy\" decoding=\"async\" class=\"stk-img wp-image-111\" src=\"http:\/\/www.ergotherapie-rieger.at\/wp-content\/uploads\/2025\/03\/20250307_085935-scaled.jpg\" width=\"1920\" height=\"2560\" srcset=\"https:\/\/www.ergotherapie-rieger.at\/wp-content\/uploads\/2025\/03\/20250307_085935-scaled.jpg 1920w, https:\/\/www.ergotherapie-rieger.at\/wp-content\/uploads\/2025\/03\/20250307_085935-225x300.jpg 225w, https:\/\/www.ergotherapie-rieger.at\/wp-content\/uploads\/2025\/03\/20250307_085935-768x1024.jpg 768w, https:\/\/www.ergotherapie-rieger.at\/wp-content\/uploads\/2025\/03\/20250307_085935-1152x1536.jpg 1152w, https:\/\/www.ergotherapie-rieger.at\/wp-content\/uploads\/2025\/03\/20250307_085935-1536x2048.jpg 1536w\" sizes=\"auto, (max-width: 767px) 89vw, (max-width: 1000px) 54vw, (max-width: 1071px) 543px, 580px\" \/><\/span><\/figure><\/div>\n<\/div><\/div><\/div>\n<\/div><\/div><\/div>\n\n\n\n<ul class=\"wp-block-list\">\n<li><strong>Ich bin Landwirtin \u2013 tief verwurzelt in der Natur und aus \u00dcberzeugung.<\/strong><br>Die Natur lehrt uns Geduld, Resilienz und den respektvollen Umgang mit unserer Umwelt \u2013 Werte, die ich auch in meiner therapeutischen Arbeit weitergebe. <br><\/li>\n<\/ul>\n\n\n\n<ul class=\"wp-block-list\">\n<li><strong>Ich bin Natur- und Erlebnisp\u00e4dagogin \u2013 weil Lernen durch Erleben bleibt.<\/strong><br>Durch Bewegung, Sinneserfahrungen und praktisches Tun werden nicht nur Wissen und F\u00e4higkeiten gefestigt, sondern auch das Selbstvertrauen und die emotionale Stabilit\u00e4t gest\u00e4rkt. <br><\/li>\n<\/ul>\n\n\n\n<ul class=\"wp-block-list\">\n<li><strong>Ich bin Wirtschaftssekret\u00e4rin \u2013 aber das ist nicht meine Geschichte.<\/strong><br>Organisation und Struktur sind wichtig \u2013 doch meine wahre Leidenschaft liegt darin, Menschen zu helfen und sie auf ihrem individuellen Weg zu begleiten. <br><\/li>\n<\/ul>\n\n\n\n<ul class=\"wp-block-list\">\n<li><strong>Ich bin Probleml\u00f6serin \u2013 mit kreativen Ans\u00e4tzen und individuellem Blick.<\/strong><br>Jeder Mensch ist einzigartig, und genau so sollte auch die Therapie sein. Gemeinsam finden wir L\u00f6sungen, die zu Ihnen passen. <br><\/li>\n<\/ul>\n\n\n\n<ul class=\"wp-block-list\">\n<li><strong>Ich bin Hoffnungstr\u00e4gerin \u2013 weil jeder Mensch das Potenzial zur Ver\u00e4nderung hat.<\/strong><br>Kleine Fortschritte sind oft die gr\u00f6\u00dften Erfolge. Ich begleite Sie mit Zuversicht, Motivation und Wertsch\u00e4tzung. <br><\/li>\n<\/ul>\n\n\n\n<ul class=\"wp-block-list\">\n<li><strong>Ich bin Zuh\u00f6rerin \u2013 weil jedes Gespr\u00e4ch eine Chance ist, zu verstehen.<\/strong><br>Echtes Zuh\u00f6ren bedeutet, den Menschen hinter den Worten zu sehen. In meiner Praxis finden Sie einen Raum, in dem Sie geh\u00f6rt und verstanden werden. <br><\/li>\n<\/ul>\n\n\n\n<figure class=\"wp-block-image size-large is-style-rounded\"><img loading=\"lazy\" decoding=\"async\" width=\"1024\" height=\"1024\" src=\"http:\/\/www.ergotherapie-rieger.at\/wp-content\/uploads\/2025\/02\/rund-1-1024x1024.jpg\" alt=\"\" class=\"wp-image-53\" srcset=\"https:\/\/www.ergotherapie-rieger.at\/wp-content\/uploads\/2025\/02\/rund-1-1024x1024.jpg 1024w, https:\/\/www.ergotherapie-rieger.at\/wp-content\/uploads\/2025\/02\/rund-1-300x300.jpg 300w, https:\/\/www.ergotherapie-rieger.at\/wp-content\/uploads\/2025\/02\/rund-1-150x150.jpg 150w, https:\/\/www.ergotherapie-rieger.at\/wp-content\/uploads\/2025\/02\/rund-1-768x768.jpg 768w, https:\/\/www.ergotherapie-rieger.at\/wp-content\/uploads\/2025\/02\/rund-1-1536x1536.jpg 1536w, https:\/\/www.ergotherapie-rieger.at\/wp-content\/uploads\/2025\/02\/rund-1-2048x2048.jpg 2048w, https:\/\/www.ergotherapie-rieger.at\/wp-content\/uploads\/2025\/02\/rund-1-100x100.jpg 100w\" sizes=\"auto, (max-width: 767px) 89vw, (max-width: 1000px) 54vw, (max-width: 1071px) 543px, 580px\" \/><\/figure>\n\n\n\n<div class=\"wp-block-stackable-image-box stk-block-image-box stk-hover-parent stk-block stk-a7559e0\" data-block-id=\"a7559e0\"><div class=\"stk-block-content stk-inner-blocks has-text-align-center stk-row stk-block-image-box__content\">\n<div class=\"wp-block-stackable-image stk-block-image stk-block stk-6249d6d\" data-block-id=\"6249d6d\"><\/div>\n\n\n\n<div class=\"wp-block-stackable-column stk-block-column stk-column stk-block stk-edfab6c\" data-v=\"4\" data-block-id=\"edfab6c\"><style>.stk-edfab6c {align-items:center !important;display:flex !important;}<\/style><div class=\"stk-column-wrapper stk-block-column__content stk-container stk-edfab6c-container stk--no-background stk--no-padding\"><div class=\"stk-block-content stk-inner-blocks stk-edfab6c-inner-blocks\"><\/div><\/div><\/div>\n<\/div><\/div>\n","protected":false},"excerpt":{"rendered":"<p>Mit Herz, Verstand und Naturverbundenheit Ich bin Ergotherapeutin \u2013 weil jeder Mensch das Recht auf ein selbstbestimmtes Leben hat. In meiner Arbeit steht der Mensch im Mittelpunkt. Mein Ziel ist es, Sie dabei zu unterst\u00fctzen, verlorene F\u00e4higkeiten zur\u00fcckzugewinnen, neue Strategien zu entwickeln und mehr Selbstst\u00e4ndigkeit im Alltag zu erreichen.<\/p>\n","protected":false},"author":1,"featured_media":0,"parent":0,"menu_order":0,"comment_status":"closed","ping_status":"closed","template":"","meta":{"footnotes":""},"class_list":["post-21","page","type-page","status-publish","hentry"],"yoast_head":"<!-- This site is optimized with the Yoast SEO plugin v24.4 - https:\/\/yoast.com\/wordpress\/plugins\/seo\/ -->\n<title>\u00dcber mich - Willkommen in meiner ergotherapeutischen Praxis!<\/title>\n<meta name=\"robots\" content=\"index, follow, max-snippet:-1, max-image-preview:large, max-video-preview:-1\" \/>\n<link rel=\"canonical\" href=\"http:\/\/www.ergotherapie-rieger.at\/?page_id=21\" \/>\n<meta property=\"og:locale\" content=\"de_DE\" \/>\n<meta property=\"og:type\" content=\"article\" \/>\n<meta property=\"og:title\" content=\"\u00dcber mich - Willkommen in meiner ergotherapeutischen Praxis!\" \/>\n<meta property=\"og:description\" content=\"Mit Herz, Verstand und Naturverbundenheit Ich bin Ergotherapeutin \u2013 weil jeder Mensch das Recht auf ein selbstbestimmtes Leben hat. In meiner Arbeit steht der Mensch im Mittelpunkt. Mein Ziel ist es, Sie dabei zu unterst\u00fctzen, verlorene F\u00e4higkeiten zur\u00fcckzugewinnen, neue Strategien zu entwickeln und mehr Selbstst\u00e4ndigkeit im Alltag zu erreichen.\" \/>\n<meta property=\"og:url\" content=\"http:\/\/www.ergotherapie-rieger.at\/?page_id=21\" \/>\n<meta property=\"og:site_name\" content=\"Willkommen in meiner ergotherapeutischen Praxis!\" \/>\n<meta property=\"article:modified_time\" content=\"2025-07-14T20:36:09+00:00\" \/>\n<meta property=\"og:image\" content=\"http:\/\/www.ergotherapie-rieger.at\/wp-content\/uploads\/2025\/03\/20250307_085935-scaled.jpg\" \/>\n<meta name=\"twitter:card\" content=\"summary_large_image\" \/>\n<meta name=\"twitter:label1\" content=\"Gesch\u00e4tzte Lesezeit\" \/>\n\t<meta name=\"twitter:data1\" content=\"2\u00a0Minuten\" \/>\n<script type=\"application\/ld+json\" class=\"yoast-schema-graph\">{\"@context\":\"https:\/\/schema.org\",\"@graph\":[{\"@type\":\"WebPage\",\"@id\":\"http:\/\/www.ergotherapie-rieger.at\/?page_id=21\",\"url\":\"http:\/\/www.ergotherapie-rieger.at\/?page_id=21\",\"name\":\"\u00dcber mich - Willkommen in meiner ergotherapeutischen Praxis!\",\"isPartOf\":{\"@id\":\"https:\/\/www.ergotherapie-rieger.at\/#website\"},\"primaryImageOfPage\":{\"@id\":\"http:\/\/www.ergotherapie-rieger.at\/?page_id=21#primaryimage\"},\"image\":{\"@id\":\"http:\/\/www.ergotherapie-rieger.at\/?page_id=21#primaryimage\"},\"thumbnailUrl\":\"http:\/\/www.ergotherapie-rieger.at\/wp-content\/uploads\/2025\/03\/20250307_085935-scaled.jpg\",\"datePublished\":\"2025-02-12T20:04:57+00:00\",\"dateModified\":\"2025-07-14T20:36:09+00:00\",\"breadcrumb\":{\"@id\":\"http:\/\/www.ergotherapie-rieger.at\/?page_id=21#breadcrumb\"},\"inLanguage\":\"de\",\"potentialAction\":[{\"@type\":\"ReadAction\",\"target\":[\"http:\/\/www.ergotherapie-rieger.at\/?page_id=21\"]}]},{\"@type\":\"ImageObject\",\"inLanguage\":\"de\",\"@id\":\"http:\/\/www.ergotherapie-rieger.at\/?page_id=21#primaryimage\",\"url\":\"https:\/\/www.ergotherapie-rieger.at\/wp-content\/uploads\/2025\/03\/20250307_085935-scaled.jpg\",\"contentUrl\":\"https:\/\/www.ergotherapie-rieger.at\/wp-content\/uploads\/2025\/03\/20250307_085935-scaled.jpg\",\"width\":1920,\"height\":2560},{\"@type\":\"BreadcrumbList\",\"@id\":\"http:\/\/www.ergotherapie-rieger.at\/?page_id=21#breadcrumb\",\"itemListElement\":[{\"@type\":\"ListItem\",\"position\":1,\"name\":\"Startseite\",\"item\":\"https:\/\/www.ergotherapie-rieger.at\/\"},{\"@type\":\"ListItem\",\"position\":2,\"name\":\"\u00dcber mich\"}]},{\"@type\":\"WebSite\",\"@id\":\"https:\/\/www.ergotherapie-rieger.at\/#website\",\"url\":\"https:\/\/www.ergotherapie-rieger.at\/\",\"name\":\"Willkommen in meiner ergotherapeutischen Praxis!\",\"description\":\"Rieger Angelika, BSc\",\"publisher\":{\"@id\":\"https:\/\/www.ergotherapie-rieger.at\/#organization\"},\"potentialAction\":[{\"@type\":\"SearchAction\",\"target\":{\"@type\":\"EntryPoint\",\"urlTemplate\":\"https:\/\/www.ergotherapie-rieger.at\/?s={search_term_string}\"},\"query-input\":{\"@type\":\"PropertyValueSpecification\",\"valueRequired\":true,\"valueName\":\"search_term_string\"}}],\"inLanguage\":\"de\"},{\"@type\":\"Organization\",\"@id\":\"https:\/\/www.ergotherapie-rieger.at\/#organization\",\"name\":\"Willkommen in meiner ergotherapeutischen Praxis!\",\"url\":\"https:\/\/www.ergotherapie-rieger.at\/\",\"logo\":{\"@type\":\"ImageObject\",\"inLanguage\":\"de\",\"@id\":\"https:\/\/www.ergotherapie-rieger.at\/#\/schema\/logo\/image\/\",\"url\":\"https:\/\/www.ergotherapie-rieger.at\/wp-content\/uploads\/2025\/06\/cropped-Logo_Zeichen_weiss.png\",\"contentUrl\":\"https:\/\/www.ergotherapie-rieger.at\/wp-content\/uploads\/2025\/06\/cropped-Logo_Zeichen_weiss.png\",\"width\":179,\"height\":250,\"caption\":\"Willkommen in meiner ergotherapeutischen Praxis!\"},\"image\":{\"@id\":\"https:\/\/www.ergotherapie-rieger.at\/#\/schema\/logo\/image\/\"}}]}<\/script>\n<!-- \/ Yoast SEO plugin. -->","yoast_head_json":{"title":"\u00dcber mich - Willkommen in meiner ergotherapeutischen Praxis!","robots":{"index":"index","follow":"follow","max-snippet":"max-snippet:-1","max-image-preview":"max-image-preview:large","max-video-preview":"max-video-preview:-1"},"canonical":"http:\/\/www.ergotherapie-rieger.at\/?page_id=21","og_locale":"de_DE","og_type":"article","og_title":"\u00dcber mich - Willkommen in meiner ergotherapeutischen Praxis!","og_description":"Mit Herz, Verstand und Naturverbundenheit Ich bin Ergotherapeutin \u2013 weil jeder Mensch das Recht auf ein selbstbestimmtes Leben hat. In meiner Arbeit steht der Mensch im Mittelpunkt. Mein Ziel ist es, Sie dabei zu unterst\u00fctzen, verlorene F\u00e4higkeiten zur\u00fcckzugewinnen, neue Strategien zu entwickeln und mehr Selbstst\u00e4ndigkeit im Alltag zu erreichen.","og_url":"http:\/\/www.ergotherapie-rieger.at\/?page_id=21","og_site_name":"Willkommen in meiner ergotherapeutischen Praxis!","article_modified_time":"2025-07-14T20:36:09+00:00","og_image":[{"url":"http:\/\/www.ergotherapie-rieger.at\/wp-content\/uploads\/2025\/03\/20250307_085935-scaled.jpg","type":"","width":"","height":""}],"twitter_card":"summary_large_image","twitter_misc":{"Gesch\u00e4tzte Lesezeit":"2\u00a0Minuten"},"schema":{"@context":"https:\/\/schema.org","@graph":[{"@type":"WebPage","@id":"http:\/\/www.ergotherapie-rieger.at\/?page_id=21","url":"http:\/\/www.ergotherapie-rieger.at\/?page_id=21","name":"\u00dcber mich - Willkommen in meiner ergotherapeutischen Praxis!","isPartOf":{"@id":"https:\/\/www.ergotherapie-rieger.at\/#website"},"primaryImageOfPage":{"@id":"http:\/\/www.ergotherapie-rieger.at\/?page_id=21#primaryimage"},"image":{"@id":"http:\/\/www.ergotherapie-rieger.at\/?page_id=21#primaryimage"},"thumbnailUrl":"http:\/\/www.ergotherapie-rieger.at\/wp-content\/uploads\/2025\/03\/20250307_085935-scaled.jpg","datePublished":"2025-02-12T20:04:57+00:00","dateModified":"2025-07-14T20:36:09+00:00","breadcrumb":{"@id":"http:\/\/www.ergotherapie-rieger.at\/?page_id=21#breadcrumb"},"inLanguage":"de","potentialAction":[{"@type":"ReadAction","target":["http:\/\/www.ergotherapie-rieger.at\/?page_id=21"]}]},{"@type":"ImageObject","inLanguage":"de","@id":"http:\/\/www.ergotherapie-rieger.at\/?page_id=21#primaryimage","url":"https:\/\/www.ergotherapie-rieger.at\/wp-content\/uploads\/2025\/03\/20250307_085935-scaled.jpg","contentUrl":"https:\/\/www.ergotherapie-rieger.at\/wp-content\/uploads\/2025\/03\/20250307_085935-scaled.jpg","width":1920,"height":2560},{"@type":"BreadcrumbList","@id":"http:\/\/www.ergotherapie-rieger.at\/?page_id=21#breadcrumb","itemListElement":[{"@type":"ListItem","position":1,"name":"Startseite","item":"https:\/\/www.ergotherapie-rieger.at\/"},{"@type":"ListItem","position":2,"name":"\u00dcber mich"}]},{"@type":"WebSite","@id":"https:\/\/www.ergotherapie-rieger.at\/#website","url":"https:\/\/www.ergotherapie-rieger.at\/","name":"Willkommen in meiner ergotherapeutischen Praxis!","description":"Rieger Angelika, BSc","publisher":{"@id":"https:\/\/www.ergotherapie-rieger.at\/#organization"},"potentialAction":[{"@type":"SearchAction","target":{"@type":"EntryPoint","urlTemplate":"https:\/\/www.ergotherapie-rieger.at\/?s={search_term_string}"},"query-input":{"@type":"PropertyValueSpecification","valueRequired":true,"valueName":"search_term_string"}}],"inLanguage":"de"},{"@type":"Organization","@id":"https:\/\/www.ergotherapie-rieger.at\/#organization","name":"Willkommen in meiner ergotherapeutischen Praxis!","url":"https:\/\/www.ergotherapie-rieger.at\/","logo":{"@type":"ImageObject","inLanguage":"de","@id":"https:\/\/www.ergotherapie-rieger.at\/#\/schema\/logo\/image\/","url":"https:\/\/www.ergotherapie-rieger.at\/wp-content\/uploads\/2025\/06\/cropped-Logo_Zeichen_weiss.png","contentUrl":"https:\/\/www.ergotherapie-rieger.at\/wp-content\/uploads\/2025\/06\/cropped-Logo_Zeichen_weiss.png","width":179,"height":250,"caption":"Willkommen in meiner ergotherapeutischen Praxis!"},"image":{"@id":"https:\/\/www.ergotherapie-rieger.at\/#\/schema\/logo\/image\/"}}]}},"_links":{"self":[{"href":"https:\/\/www.ergotherapie-rieger.at\/index.php?rest_route=\/wp\/v2\/pages\/21","targetHints":{"allow":["GET"]}}],"collection":[{"href":"https:\/\/www.ergotherapie-rieger.at\/index.php?rest_route=\/wp\/v2\/pages"}],"about":[{"href":"https:\/\/www.ergotherapie-rieger.at\/index.php?rest_route=\/wp\/v2\/types\/page"}],"author":[{"embeddable":true,"href":"https:\/\/www.ergotherapie-rieger.at\/index.php?rest_route=\/wp\/v2\/users\/1"}],"replies":[{"embeddable":true,"href":"https:\/\/www.ergotherapie-rieger.at\/index.php?rest_route=%2Fwp%2Fv2%2Fcomments&post=21"}],"version-history":[{"count":36,"href":"https:\/\/www.ergotherapie-rieger.at\/index.php?rest_route=\/wp\/v2\/pages\/21\/revisions"}],"predecessor-version":[{"id":227,"href":"https:\/\/www.ergotherapie-rieger.at\/index.php?rest_route=\/wp\/v2\/pages\/21\/revisions\/227"}],"wp:attachment":[{"href":"https:\/\/www.ergotherapie-rieger.at\/index.php?rest_route=%2Fwp%2Fv2%2Fmedia&parent=21"}],"curies":[{"name":"wp","href":"https:\/\/api.w.org\/{rel}","templated":true}]}}