{"id":56,"date":"2025-02-13T00:01:14","date_gmt":"2025-02-12T23:01:14","guid":{"rendered":"http:\/\/www.ergotherapie-rieger.at\/?page_id=56"},"modified":"2025-06-30T23:37:03","modified_gmt":"2025-06-30T21:37:03","slug":"leistungen","status":"publish","type":"page","link":"https:\/\/www.ergotherapie-rieger.at\/?page_id=56","title":{"rendered":"Leistungen"},"content":{"rendered":"\n<p><strong>Ergotherapie \u2013 Mehr als nur Handwerk<\/strong><\/p>\n\n\n\n<p><br>Ergotherapie ist immer bet\u00e4tigungsorientiert. Es geht nicht nur darum, bestimmte<br>F\u00e4higkeiten zu trainieren oder handwerkliche Techniken anzuwenden, sondern darum,<br>bedeutsame Aktivit\u00e4ten zu f\u00f6rdern, die den Alltag eines Menschen bereichern. In der<br>Ergotherapie geht es immer darum, zu erm\u00f6glichen, dass Sie die Aktivit\u00e4ten, die Ihnen im<br>Leben wichtig sind, wieder selbstbestimmt ausf\u00fchren k\u00f6nnen.<br><br>Warum ist Bedeutung entscheidend?<br>Im Zentrum der Ergotherapie steht immer die Bedeutung von Handlungen und Aktivit\u00e4ten<br>f\u00fcr den Klienten. Wenn eine Aktivit\u00e4t bedeutsam ist, wird sie mit mehr Motivation und<br>Engagement ausgef\u00fchrt. Das ist entscheidend f\u00fcr die F\u00f6rderung von Selbstst\u00e4ndigkeit,<br>Selbstbewusstsein und einer verbesserten Lebensqualit\u00e4t. Es geht nicht nur darum,<br>bestimmte T\u00e4tigkeiten auszuf\u00fchren, sondern sie in einem sinngem\u00e4\u00dfen Kontext zu erleben<br>und zu gestalten.<br><br><strong>Handwerk und kreative Techniken in der Ergotherapie<\/strong><br><br>Handwerklich-kreative Techniken sind dabei ein zentraler Bestandteil der psychiatrischen<br>Ergotherapie, da sie auf vielen Ebenen wirken \u2013 k\u00f6rperlich, geistig und emotional. Sie<br>erm\u00f6glichen es, die Selbstwirksamkeit zu erfahren und den Selbstwert zu steigern. Kreative T\u00e4tigkeiten wie Malen und Zeichnen, Stricken oder Holzarbeiten bieten nicht nur eine willkommene Abwechslung, sondern f\u00f6rdern gleichzeitig die Motorik, die Konzentration und die emotionale Ausdrucksf\u00e4higkeit.<\/p>\n\n\n\n<div class=\"wp-block-stackable-image stk-block-image stk-block stk-88e5ab0 stk-block-background\" data-block-id=\"88e5ab0\"><style>.stk-88e5ab0 {margin-bottom:0px !important;}.stk-88e5ab0 .stk-img-wrapper{width:100% !important;height:300px !important;}<\/style><figure><span class=\"stk-img-wrapper stk-image--shape-stretch\"><img loading=\"lazy\" decoding=\"async\" class=\"stk-img wp-image-119\" src=\"http:\/\/www.ergotherapie-rieger.at\/wp-content\/uploads\/2025\/03\/20220414_171320-scaled.jpg\" width=\"2560\" height=\"1920\" srcset=\"https:\/\/www.ergotherapie-rieger.at\/wp-content\/uploads\/2025\/03\/20220414_171320-scaled.jpg 2560w, https:\/\/www.ergotherapie-rieger.at\/wp-content\/uploads\/2025\/03\/20220414_171320-300x225.jpg 300w, https:\/\/www.ergotherapie-rieger.at\/wp-content\/uploads\/2025\/03\/20220414_171320-1024x768.jpg 1024w, https:\/\/www.ergotherapie-rieger.at\/wp-content\/uploads\/2025\/03\/20220414_171320-768x576.jpg 768w, https:\/\/www.ergotherapie-rieger.at\/wp-content\/uploads\/2025\/03\/20220414_171320-1536x1152.jpg 1536w, https:\/\/www.ergotherapie-rieger.at\/wp-content\/uploads\/2025\/03\/20220414_171320-2048x1536.jpg 2048w\" sizes=\"auto, (max-width: 767px) 89vw, (max-width: 1000px) 54vw, (max-width: 1071px) 543px, 580px\" \/><\/span><\/figure><\/div>\n\n\n\n<p><br>Doch Ergotherapie umfasst weit mehr als kreative Handwerkstechniken. Sie ist ganzheitlich und individuell ausgerichtet \u2013 und richtet sich stets nach den besonderen Bed\u00fcrfnissen und Zielen des Klienten. So geh\u00f6ren neben handwerklich-kreativen Aktivit\u00e4ten auch gezielte Lebenspraktische Trainings (wie Einkaufen, Kochen, Anziehen), Kognitives Training, soziale Kompetenzf\u00f6rderung, Entspannungstechniken, Bewegung und K\u00f6rperwahrnehmung sowie Pacing-Strategien zur breiten Palette an Ma\u00dfnahmen in der Ergotherapie.<\/p>\n\n\n\n<div class=\"wp-block-stackable-image stk-block-image stk-block stk-9896bea stk-block-background\" data-block-id=\"9896bea\"><style>.stk-9896bea {margin-bottom:0px !important;}.stk-9896bea .stk-img-wrapper{width:100% !important;height:300px !important;}.stk-9896bea .stk-img-wrapper img{border-radius:0px !important;object-position:49% 15% !important;}<\/style><figure><span class=\"stk-img-wrapper stk-image--shape-stretch\"><img loading=\"lazy\" decoding=\"async\" class=\"stk-img wp-image-125\" src=\"http:\/\/www.ergotherapie-rieger.at\/wp-content\/uploads\/2025\/03\/20240620_123638-scaled.jpg\" width=\"1920\" height=\"2560\" srcset=\"https:\/\/www.ergotherapie-rieger.at\/wp-content\/uploads\/2025\/03\/20240620_123638-scaled.jpg 1920w, https:\/\/www.ergotherapie-rieger.at\/wp-content\/uploads\/2025\/03\/20240620_123638-225x300.jpg 225w, https:\/\/www.ergotherapie-rieger.at\/wp-content\/uploads\/2025\/03\/20240620_123638-768x1024.jpg 768w, https:\/\/www.ergotherapie-rieger.at\/wp-content\/uploads\/2025\/03\/20240620_123638-1152x1536.jpg 1152w, https:\/\/www.ergotherapie-rieger.at\/wp-content\/uploads\/2025\/03\/20240620_123638-1536x2048.jpg 1536w\" sizes=\"auto, (max-width: 767px) 89vw, (max-width: 1000px) 54vw, (max-width: 1071px) 543px, 580px\" \/><\/span><\/figure><\/div>\n\n\n\n<p><br><strong>Das Leben wieder aktiv gestalten<\/strong><br><br>Es geht darum, die Selbstst\u00e4ndigkeit und das Wohlbefinden der Klienten zu f\u00f6rdern, indem<br>ihnen die F\u00e4higkeit gegeben wird, bedeutsame und aktuelle Aufgaben in ihrem Alltag zu<br>bew\u00e4ltigen. Durch diese vielf\u00e4ltigen Ma\u00dfnahmen lernen Klienten, ihre Belastung zu<br>erkennen und ihre Ressourcen sinnvoll einzusetzen \u2013 und erfahren, wie der Alltag trotz<br>Einschr\u00e4nkungen wieder aktiv und selbstbestimmt gestaltet werden kann.<br>In meiner Praxis unterst\u00fctze ich Sie dabei, die bedeutsamen T\u00e4tigkeiten zu finden, die Wert<br>und Zufriedenheit in Ihrem Leben bringen. Ob handwerklich kreative Aktivit\u00e4ten, Training<br>allt\u00e4glicher Aufgaben oder Entspannungstechniken \u2013 alles wird individuell angepasst, damit Sie Ihre Ziele erreichen k\u00f6nnen und Ihre Lebensqualit\u00e4t steigern.<\/p>\n\n\n\n<div class=\"wp-block-stackable-image stk-block-image stk-block stk-143cf78 stk-block-background\" data-block-id=\"143cf78\"><style>.stk-143cf78 .stk-img-wrapper{height:300px !important;}.stk-143cf78 .stk-img-wrapper img{object-position:62% 96% !important;}<\/style><figure><span class=\"stk-img-wrapper stk-image--shape-stretch\"><img loading=\"lazy\" decoding=\"async\" class=\"stk-img wp-image-130\" src=\"http:\/\/www.ergotherapie-rieger.at\/wp-content\/uploads\/2025\/03\/20211026_175046-scaled.jpg\" width=\"2560\" height=\"1920\" srcset=\"https:\/\/www.ergotherapie-rieger.at\/wp-content\/uploads\/2025\/03\/20211026_175046-scaled.jpg 2560w, https:\/\/www.ergotherapie-rieger.at\/wp-content\/uploads\/2025\/03\/20211026_175046-300x225.jpg 300w, https:\/\/www.ergotherapie-rieger.at\/wp-content\/uploads\/2025\/03\/20211026_175046-1024x768.jpg 1024w, https:\/\/www.ergotherapie-rieger.at\/wp-content\/uploads\/2025\/03\/20211026_175046-768x576.jpg 768w, https:\/\/www.ergotherapie-rieger.at\/wp-content\/uploads\/2025\/03\/20211026_175046-1536x1152.jpg 1536w, https:\/\/www.ergotherapie-rieger.at\/wp-content\/uploads\/2025\/03\/20211026_175046-2048x1536.jpg 2048w\" sizes=\"auto, (max-width: 767px) 89vw, (max-width: 1000px) 54vw, (max-width: 1071px) 543px, 580px\" \/><\/span><\/figure><\/div>\n\n\n\n<p><br>Ergotherapie ist also mehr als nur Handwerk \u2013 sie ist der Weg zu einem selbstbestimmten,<br>bedeutungsvollen Leben.<br><br><strong>Planetare Gesundheit und Naturverbundenheit in der Ergotherapie<br><\/strong><br>Mir ist die planetare Gesundheit ein gro\u00dfes Anliegen. Die Verbindung von Mensch und Natur ist f\u00fcr mich von entscheidender Bedeutung \u2013 sowohl f\u00fcr das pers\u00f6nliche Wohlbefinden als auch f\u00fcr das Wohl unseres Planeten. In meiner ergotherapeutischen Arbeit flie\u00dft diese \u00dcberzeugung in die Behandlung mit ein. Denn der Kontakt zur Natur f\u00f6rdert nicht nur k\u00f6rperliche Gesundheit und geistige Klarheit, sondern st\u00e4rkt auch das emotionale Gleichgewicht. Besonders in der heutigen, schnelllebigen Welt, in der wir oft den Bezug zur Natur verlieren, ist es wichtig, bewusst Momente zu schaffen, in denen Ruhe und Kraft aus der Umgebung gewonnen werden k\u00f6nnen.<\/p>\n\n\n\n<div class=\"wp-block-stackable-image stk-block-image stk-block stk-ea4571a stk-block-background\" data-block-id=\"ea4571a\"><style>.stk-ea4571a .stk-img-wrapper{height:300px !important;}<\/style><figure><span class=\"stk-img-wrapper stk-image--shape-stretch\"><img loading=\"lazy\" decoding=\"async\" class=\"stk-img wp-image-136\" src=\"http:\/\/www.ergotherapie-rieger.at\/wp-content\/uploads\/2025\/03\/20240314_125843-scaled.jpg\" width=\"2560\" height=\"1920\" srcset=\"https:\/\/www.ergotherapie-rieger.at\/wp-content\/uploads\/2025\/03\/20240314_125843-scaled.jpg 2560w, https:\/\/www.ergotherapie-rieger.at\/wp-content\/uploads\/2025\/03\/20240314_125843-300x225.jpg 300w, https:\/\/www.ergotherapie-rieger.at\/wp-content\/uploads\/2025\/03\/20240314_125843-1024x768.jpg 1024w, https:\/\/www.ergotherapie-rieger.at\/wp-content\/uploads\/2025\/03\/20240314_125843-768x576.jpg 768w, https:\/\/www.ergotherapie-rieger.at\/wp-content\/uploads\/2025\/03\/20240314_125843-1536x1152.jpg 1536w, https:\/\/www.ergotherapie-rieger.at\/wp-content\/uploads\/2025\/03\/20240314_125843-2048x1536.jpg 2048w\" sizes=\"auto, (max-width: 767px) 89vw, (max-width: 1000px) 54vw, (max-width: 1071px) 543px, 580px\" \/><\/span><\/figure><\/div>\n\n\n\n<p><br>In meiner Arbeit integriere ich natur- und erlebnisp\u00e4dagogische Elemente. Durch gezielte naturbasierte Aktivit\u00e4ten, Bewegung in der Natur und das Erleben von Umwelteinfl\u00fcssen kann der Mensch in seiner ganzheitlichen Entwicklung gef\u00f6rdert werden. Diese Prinzipien stehen im Einklang mit den physischen, geistigen und emotionalen<br>Bed\u00fcrfnissen meiner Klienten. Erlebnisse in der Natur, wie beispielsweise Wanderungen,<br>therapeutische Gartenarbeit oder Outdoor-Aktivit\u00e4ten, sind besonders hilfreich, um sowohl<br>die Kreativit\u00e4t als auch die K\u00f6rperwahrnehmung zu steigern. Sie bieten den perfekten<br>Rahmen, um in Selbstwirksamkeit zu gehen und positive Erfahrungen zu sammeln, die im<br>t\u00e4glichen Leben weiterhelfen k\u00f6nnen.<br>Die Verbindung zwischen Ergotherapie und Natur- sowie Erlebnisp\u00e4dagogik ist f\u00fcr mich eine der wichtigsten S\u00e4ulen meiner Arbeit. Beide Disziplinen setzen auf ganzheitliche Ans\u00e4tze, um die Lebensqualit\u00e4t zu steigern, das Wohlbefinden zu f\u00f6rdern und die Eigenverantwortung zu st\u00e4rken. W\u00e4hrend die Ergotherapie in der Praxis konkret an den individuellen F\u00e4higkeiten und Bed\u00fcrfnissen arbeitet, unterst\u00fctzt die Naturp\u00e4dagogik mit erlebten Erfahrungen, die in den Alltag integriert werden k\u00f6nnen und langfristige positive Ver\u00e4nderungen bewirken.<br>F\u00fcr mich ist es wichtig, dass der Mensch sich mit seiner Umwelt verbunden f\u00fchlt. So wird<br>planetare Gesundheit nicht nur als Konzept verstanden, sondern als aktive und konkrete<br>M\u00f6glichkeit zur F\u00f6rderung von K\u00f6rper, Geist und Seele im Einklang mit der Natur. Die Natur<br>ist nicht nur ein Heiler, sondern auch ein Ermutiger, der uns zeigt, dass auch wir, wie die<br>Natur selbst, immer wieder wachsen und erbl\u00fchen k\u00f6nnen \u2013 selbst in schwierigen Zeiten.<\/p>\n","protected":false},"excerpt":{"rendered":"<p>Ergotherapie \u2013 Mehr als nur Handwerk Ergotherapie ist immer bet\u00e4tigungsorientiert. Es geht nicht nur darum, bestimmteF\u00e4higkeiten zu trainieren oder handwerkliche Techniken anzuwenden, sondern darum,bedeutsame Aktivit\u00e4ten zu f\u00f6rdern, die den Alltag eines Menschen bereichern. In derErgotherapie geht es immer darum, zu erm\u00f6glichen, dass Sie die Aktivit\u00e4ten, die Ihnen imLeben wichtig sind, wieder selbstbestimmt ausf\u00fchren k\u00f6nnen. Warum &hellip; <\/p>\n<p class=\"link-more\"><a href=\"https:\/\/www.ergotherapie-rieger.at\/?page_id=56\" class=\"more-link\"><span class=\"screen-reader-text\">\u201eLeistungen\u201c<\/span> weiterlesen<\/a><\/p>\n","protected":false},"author":1,"featured_media":0,"parent":0,"menu_order":0,"comment_status":"closed","ping_status":"closed","template":"","meta":{"footnotes":""},"class_list":["post-56","page","type-page","status-publish","hentry"],"yoast_head":"<!-- This site is optimized with the Yoast SEO plugin v24.4 - https:\/\/yoast.com\/wordpress\/plugins\/seo\/ -->\n<title>Leistungen - Willkommen in meiner ergotherapeutischen Praxis!<\/title>\n<meta name=\"robots\" content=\"index, follow, max-snippet:-1, max-image-preview:large, max-video-preview:-1\" \/>\n<link rel=\"canonical\" href=\"https:\/\/www.ergotherapie-rieger.at\/?page_id=56\" \/>\n<meta property=\"og:locale\" content=\"de_DE\" \/>\n<meta property=\"og:type\" content=\"article\" \/>\n<meta property=\"og:title\" content=\"Leistungen - Willkommen in meiner ergotherapeutischen Praxis!\" \/>\n<meta property=\"og:description\" content=\"Ergotherapie \u2013 Mehr als nur Handwerk Ergotherapie ist immer bet\u00e4tigungsorientiert. Es geht nicht nur darum, bestimmteF\u00e4higkeiten zu trainieren oder handwerkliche Techniken anzuwenden, sondern darum,bedeutsame Aktivit\u00e4ten zu f\u00f6rdern, die den Alltag eines Menschen bereichern. In derErgotherapie geht es immer darum, zu erm\u00f6glichen, dass Sie die Aktivit\u00e4ten, die Ihnen imLeben wichtig sind, wieder selbstbestimmt ausf\u00fchren k\u00f6nnen. Warum &hellip; \u201eLeistungen\u201c weiterlesen\" \/>\n<meta property=\"og:url\" content=\"https:\/\/www.ergotherapie-rieger.at\/?page_id=56\" \/>\n<meta property=\"og:site_name\" content=\"Willkommen in meiner ergotherapeutischen Praxis!\" \/>\n<meta property=\"article:modified_time\" content=\"2025-06-30T21:37:03+00:00\" \/>\n<meta property=\"og:image\" content=\"http:\/\/www.ergotherapie-rieger.at\/wp-content\/uploads\/2025\/03\/20220414_171320-scaled.jpg\" \/>\n<meta name=\"twitter:card\" content=\"summary_large_image\" \/>\n<meta name=\"twitter:label1\" content=\"Gesch\u00e4tzte Lesezeit\" \/>\n\t<meta name=\"twitter:data1\" content=\"5\u00a0Minuten\" \/>\n<script type=\"application\/ld+json\" class=\"yoast-schema-graph\">{\"@context\":\"https:\/\/schema.org\",\"@graph\":[{\"@type\":\"WebPage\",\"@id\":\"https:\/\/www.ergotherapie-rieger.at\/?page_id=56\",\"url\":\"https:\/\/www.ergotherapie-rieger.at\/?page_id=56\",\"name\":\"Leistungen - Willkommen in meiner ergotherapeutischen Praxis!\",\"isPartOf\":{\"@id\":\"https:\/\/www.ergotherapie-rieger.at\/#website\"},\"primaryImageOfPage\":{\"@id\":\"https:\/\/www.ergotherapie-rieger.at\/?page_id=56#primaryimage\"},\"image\":{\"@id\":\"https:\/\/www.ergotherapie-rieger.at\/?page_id=56#primaryimage\"},\"thumbnailUrl\":\"http:\/\/www.ergotherapie-rieger.at\/wp-content\/uploads\/2025\/03\/20220414_171320-scaled.jpg\",\"datePublished\":\"2025-02-12T23:01:14+00:00\",\"dateModified\":\"2025-06-30T21:37:03+00:00\",\"breadcrumb\":{\"@id\":\"https:\/\/www.ergotherapie-rieger.at\/?page_id=56#breadcrumb\"},\"inLanguage\":\"de\",\"potentialAction\":[{\"@type\":\"ReadAction\",\"target\":[\"https:\/\/www.ergotherapie-rieger.at\/?page_id=56\"]}]},{\"@type\":\"ImageObject\",\"inLanguage\":\"de\",\"@id\":\"https:\/\/www.ergotherapie-rieger.at\/?page_id=56#primaryimage\",\"url\":\"https:\/\/www.ergotherapie-rieger.at\/wp-content\/uploads\/2025\/03\/20220414_171320-scaled.jpg\",\"contentUrl\":\"https:\/\/www.ergotherapie-rieger.at\/wp-content\/uploads\/2025\/03\/20220414_171320-scaled.jpg\",\"width\":2560,\"height\":1920},{\"@type\":\"BreadcrumbList\",\"@id\":\"https:\/\/www.ergotherapie-rieger.at\/?page_id=56#breadcrumb\",\"itemListElement\":[{\"@type\":\"ListItem\",\"position\":1,\"name\":\"Startseite\",\"item\":\"https:\/\/www.ergotherapie-rieger.at\/\"},{\"@type\":\"ListItem\",\"position\":2,\"name\":\"Leistungen\"}]},{\"@type\":\"WebSite\",\"@id\":\"https:\/\/www.ergotherapie-rieger.at\/#website\",\"url\":\"https:\/\/www.ergotherapie-rieger.at\/\",\"name\":\"Willkommen in meiner ergotherapeutischen Praxis!\",\"description\":\"Rieger Angelika, BSc\",\"publisher\":{\"@id\":\"https:\/\/www.ergotherapie-rieger.at\/#organization\"},\"potentialAction\":[{\"@type\":\"SearchAction\",\"target\":{\"@type\":\"EntryPoint\",\"urlTemplate\":\"https:\/\/www.ergotherapie-rieger.at\/?s={search_term_string}\"},\"query-input\":{\"@type\":\"PropertyValueSpecification\",\"valueRequired\":true,\"valueName\":\"search_term_string\"}}],\"inLanguage\":\"de\"},{\"@type\":\"Organization\",\"@id\":\"https:\/\/www.ergotherapie-rieger.at\/#organization\",\"name\":\"Willkommen in meiner ergotherapeutischen Praxis!\",\"url\":\"https:\/\/www.ergotherapie-rieger.at\/\",\"logo\":{\"@type\":\"ImageObject\",\"inLanguage\":\"de\",\"@id\":\"https:\/\/www.ergotherapie-rieger.at\/#\/schema\/logo\/image\/\",\"url\":\"https:\/\/www.ergotherapie-rieger.at\/wp-content\/uploads\/2025\/06\/cropped-Logo_Zeichen_weiss.png\",\"contentUrl\":\"https:\/\/www.ergotherapie-rieger.at\/wp-content\/uploads\/2025\/06\/cropped-Logo_Zeichen_weiss.png\",\"width\":179,\"height\":250,\"caption\":\"Willkommen in meiner ergotherapeutischen Praxis!\"},\"image\":{\"@id\":\"https:\/\/www.ergotherapie-rieger.at\/#\/schema\/logo\/image\/\"}}]}<\/script>\n<!-- \/ Yoast SEO plugin. -->","yoast_head_json":{"title":"Leistungen - Willkommen in meiner ergotherapeutischen Praxis!","robots":{"index":"index","follow":"follow","max-snippet":"max-snippet:-1","max-image-preview":"max-image-preview:large","max-video-preview":"max-video-preview:-1"},"canonical":"https:\/\/www.ergotherapie-rieger.at\/?page_id=56","og_locale":"de_DE","og_type":"article","og_title":"Leistungen - Willkommen in meiner ergotherapeutischen Praxis!","og_description":"Ergotherapie \u2013 Mehr als nur Handwerk Ergotherapie ist immer bet\u00e4tigungsorientiert. Es geht nicht nur darum, bestimmteF\u00e4higkeiten zu trainieren oder handwerkliche Techniken anzuwenden, sondern darum,bedeutsame Aktivit\u00e4ten zu f\u00f6rdern, die den Alltag eines Menschen bereichern. In derErgotherapie geht es immer darum, zu erm\u00f6glichen, dass Sie die Aktivit\u00e4ten, die Ihnen imLeben wichtig sind, wieder selbstbestimmt ausf\u00fchren k\u00f6nnen. Warum &hellip; \u201eLeistungen\u201c weiterlesen","og_url":"https:\/\/www.ergotherapie-rieger.at\/?page_id=56","og_site_name":"Willkommen in meiner ergotherapeutischen Praxis!","article_modified_time":"2025-06-30T21:37:03+00:00","og_image":[{"url":"http:\/\/www.ergotherapie-rieger.at\/wp-content\/uploads\/2025\/03\/20220414_171320-scaled.jpg","type":"","width":"","height":""}],"twitter_card":"summary_large_image","twitter_misc":{"Gesch\u00e4tzte Lesezeit":"5\u00a0Minuten"},"schema":{"@context":"https:\/\/schema.org","@graph":[{"@type":"WebPage","@id":"https:\/\/www.ergotherapie-rieger.at\/?page_id=56","url":"https:\/\/www.ergotherapie-rieger.at\/?page_id=56","name":"Leistungen - Willkommen in meiner ergotherapeutischen Praxis!","isPartOf":{"@id":"https:\/\/www.ergotherapie-rieger.at\/#website"},"primaryImageOfPage":{"@id":"https:\/\/www.ergotherapie-rieger.at\/?page_id=56#primaryimage"},"image":{"@id":"https:\/\/www.ergotherapie-rieger.at\/?page_id=56#primaryimage"},"thumbnailUrl":"http:\/\/www.ergotherapie-rieger.at\/wp-content\/uploads\/2025\/03\/20220414_171320-scaled.jpg","datePublished":"2025-02-12T23:01:14+00:00","dateModified":"2025-06-30T21:37:03+00:00","breadcrumb":{"@id":"https:\/\/www.ergotherapie-rieger.at\/?page_id=56#breadcrumb"},"inLanguage":"de","potentialAction":[{"@type":"ReadAction","target":["https:\/\/www.ergotherapie-rieger.at\/?page_id=56"]}]},{"@type":"ImageObject","inLanguage":"de","@id":"https:\/\/www.ergotherapie-rieger.at\/?page_id=56#primaryimage","url":"https:\/\/www.ergotherapie-rieger.at\/wp-content\/uploads\/2025\/03\/20220414_171320-scaled.jpg","contentUrl":"https:\/\/www.ergotherapie-rieger.at\/wp-content\/uploads\/2025\/03\/20220414_171320-scaled.jpg","width":2560,"height":1920},{"@type":"BreadcrumbList","@id":"https:\/\/www.ergotherapie-rieger.at\/?page_id=56#breadcrumb","itemListElement":[{"@type":"ListItem","position":1,"name":"Startseite","item":"https:\/\/www.ergotherapie-rieger.at\/"},{"@type":"ListItem","position":2,"name":"Leistungen"}]},{"@type":"WebSite","@id":"https:\/\/www.ergotherapie-rieger.at\/#website","url":"https:\/\/www.ergotherapie-rieger.at\/","name":"Willkommen in meiner ergotherapeutischen Praxis!","description":"Rieger Angelika, BSc","publisher":{"@id":"https:\/\/www.ergotherapie-rieger.at\/#organization"},"potentialAction":[{"@type":"SearchAction","target":{"@type":"EntryPoint","urlTemplate":"https:\/\/www.ergotherapie-rieger.at\/?s={search_term_string}"},"query-input":{"@type":"PropertyValueSpecification","valueRequired":true,"valueName":"search_term_string"}}],"inLanguage":"de"},{"@type":"Organization","@id":"https:\/\/www.ergotherapie-rieger.at\/#organization","name":"Willkommen in meiner ergotherapeutischen Praxis!","url":"https:\/\/www.ergotherapie-rieger.at\/","logo":{"@type":"ImageObject","inLanguage":"de","@id":"https:\/\/www.ergotherapie-rieger.at\/#\/schema\/logo\/image\/","url":"https:\/\/www.ergotherapie-rieger.at\/wp-content\/uploads\/2025\/06\/cropped-Logo_Zeichen_weiss.png","contentUrl":"https:\/\/www.ergotherapie-rieger.at\/wp-content\/uploads\/2025\/06\/cropped-Logo_Zeichen_weiss.png","width":179,"height":250,"caption":"Willkommen in meiner ergotherapeutischen Praxis!"},"image":{"@id":"https:\/\/www.ergotherapie-rieger.at\/#\/schema\/logo\/image\/"}}]}},"_links":{"self":[{"href":"https:\/\/www.ergotherapie-rieger.at\/index.php?rest_route=\/wp\/v2\/pages\/56","targetHints":{"allow":["GET"]}}],"collection":[{"href":"https:\/\/www.ergotherapie-rieger.at\/index.php?rest_route=\/wp\/v2\/pages"}],"about":[{"href":"https:\/\/www.ergotherapie-rieger.at\/index.php?rest_route=\/wp\/v2\/types\/page"}],"author":[{"embeddable":true,"href":"https:\/\/www.ergotherapie-rieger.at\/index.php?rest_route=\/wp\/v2\/users\/1"}],"replies":[{"embeddable":true,"href":"https:\/\/www.ergotherapie-rieger.at\/index.php?rest_route=%2Fwp%2Fv2%2Fcomments&post=56"}],"version-history":[{"count":18,"href":"https:\/\/www.ergotherapie-rieger.at\/index.php?rest_route=\/wp\/v2\/pages\/56\/revisions"}],"predecessor-version":[{"id":225,"href":"https:\/\/www.ergotherapie-rieger.at\/index.php?rest_route=\/wp\/v2\/pages\/56\/revisions\/225"}],"wp:attachment":[{"href":"https:\/\/www.ergotherapie-rieger.at\/index.php?rest_route=%2Fwp%2Fv2%2Fmedia&parent=56"}],"curies":[{"name":"wp","href":"https:\/\/api.w.org\/{rel}","templated":true}]}}