{"id":72,"date":"2025-02-13T16:33:55","date_gmt":"2025-02-13T15:33:55","guid":{"rendered":"http:\/\/www.ergotherapie-rieger.at\/?page_id=72"},"modified":"2025-06-10T13:05:09","modified_gmt":"2025-06-10T11:05:09","slug":"wahltherapie-kosten","status":"publish","type":"page","link":"https:\/\/www.ergotherapie-rieger.at\/?page_id=72","title":{"rendered":"Ablauf &amp; Kosten"},"content":{"rendered":"\n<p>Um eine ergotherapeutische Behandlung in Anspruch nehmen zu k\u00f6nnen, ben\u00f6tigen Sie eine \u00e4rztliche Zuweisung. Diese kann von Ihrem Hausarzt oder einem Facharzt (z.B. Psychiatrie, Neurologie etc.) ausgestellt werden.<\/p>\n\n\n\n<p>Ich bin Vertragstherapeutin der \u00d6GK, SVS und BVAEB. Das bedeutet, dass die Kosten f\u00fcr die Ergotherapie zur G\u00e4nze von der Krankenkasse \u00fcbernommen werden, sofern Sie bei diesen Kassen versichert sind.<\/p>\n\n\n\n<p><\/p>\n\n\n\n<p><\/p>\n","protected":false},"excerpt":{"rendered":"<p>Um eine ergotherapeutische Behandlung in Anspruch nehmen zu k\u00f6nnen, ben\u00f6tigen Sie eine \u00e4rztliche Zuweisung. Diese kann von Ihrem Hausarzt oder einem Facharzt (z.B. Psychiatrie, Neurologie etc.) ausgestellt werden. Ich bin Vertragstherapeutin der \u00d6GK, SVS und BVAEB. Das bedeutet, dass die Kosten f\u00fcr die Ergotherapie zur G\u00e4nze von der Krankenkasse \u00fcbernommen werden, sofern Sie bei diesen &hellip; <\/p>\n<p class=\"link-more\"><a href=\"https:\/\/www.ergotherapie-rieger.at\/?page_id=72\" class=\"more-link\"><span class=\"screen-reader-text\">\u201eAblauf &amp; Kosten\u201c<\/span> weiterlesen<\/a><\/p>\n","protected":false},"author":1,"featured_media":0,"parent":0,"menu_order":0,"comment_status":"closed","ping_status":"closed","template":"","meta":{"footnotes":""},"class_list":["post-72","page","type-page","status-publish","hentry"],"yoast_head":"<!-- This site is optimized with the Yoast SEO plugin v24.4 - https:\/\/yoast.com\/wordpress\/plugins\/seo\/ -->\n<title>Ablauf &amp; Kosten - Willkommen in meiner ergotherapeutischen Praxis!<\/title>\n<meta name=\"robots\" content=\"index, follow, max-snippet:-1, max-image-preview:large, max-video-preview:-1\" \/>\n<link rel=\"canonical\" href=\"http:\/\/www.ergotherapie-rieger.at\/?page_id=72\" \/>\n<meta property=\"og:locale\" content=\"de_DE\" \/>\n<meta property=\"og:type\" content=\"article\" \/>\n<meta property=\"og:title\" content=\"Ablauf &amp; Kosten - Willkommen in meiner ergotherapeutischen Praxis!\" \/>\n<meta property=\"og:description\" content=\"Um eine ergotherapeutische Behandlung in Anspruch nehmen zu k\u00f6nnen, ben\u00f6tigen Sie eine \u00e4rztliche Zuweisung. Diese kann von Ihrem Hausarzt oder einem Facharzt (z.B. Psychiatrie, Neurologie etc.) ausgestellt werden. Ich bin Vertragstherapeutin der \u00d6GK, SVS und BVAEB. Das bedeutet, dass die Kosten f\u00fcr die Ergotherapie zur G\u00e4nze von der Krankenkasse \u00fcbernommen werden, sofern Sie bei diesen &hellip; \u201eAblauf &amp; Kosten\u201c weiterlesen\" \/>\n<meta property=\"og:url\" content=\"http:\/\/www.ergotherapie-rieger.at\/?page_id=72\" \/>\n<meta property=\"og:site_name\" content=\"Willkommen in meiner ergotherapeutischen Praxis!\" \/>\n<meta property=\"article:modified_time\" content=\"2025-06-10T11:05:09+00:00\" \/>\n<meta name=\"twitter:card\" content=\"summary_large_image\" \/>\n<meta name=\"twitter:label1\" content=\"Gesch\u00e4tzte Lesezeit\" \/>\n\t<meta name=\"twitter:data1\" content=\"1\u00a0Minute\" \/>\n<script type=\"application\/ld+json\" class=\"yoast-schema-graph\">{\"@context\":\"https:\/\/schema.org\",\"@graph\":[{\"@type\":\"WebPage\",\"@id\":\"http:\/\/www.ergotherapie-rieger.at\/?page_id=72\",\"url\":\"http:\/\/www.ergotherapie-rieger.at\/?page_id=72\",\"name\":\"Ablauf &amp; Kosten - Willkommen in meiner ergotherapeutischen Praxis!\",\"isPartOf\":{\"@id\":\"https:\/\/www.ergotherapie-rieger.at\/#website\"},\"datePublished\":\"2025-02-13T15:33:55+00:00\",\"dateModified\":\"2025-06-10T11:05:09+00:00\",\"breadcrumb\":{\"@id\":\"http:\/\/www.ergotherapie-rieger.at\/?page_id=72#breadcrumb\"},\"inLanguage\":\"de\",\"potentialAction\":[{\"@type\":\"ReadAction\",\"target\":[\"http:\/\/www.ergotherapie-rieger.at\/?page_id=72\"]}]},{\"@type\":\"BreadcrumbList\",\"@id\":\"http:\/\/www.ergotherapie-rieger.at\/?page_id=72#breadcrumb\",\"itemListElement\":[{\"@type\":\"ListItem\",\"position\":1,\"name\":\"Startseite\",\"item\":\"https:\/\/www.ergotherapie-rieger.at\/\"},{\"@type\":\"ListItem\",\"position\":2,\"name\":\"Ablauf &amp; Kosten\"}]},{\"@type\":\"WebSite\",\"@id\":\"https:\/\/www.ergotherapie-rieger.at\/#website\",\"url\":\"https:\/\/www.ergotherapie-rieger.at\/\",\"name\":\"Willkommen in meiner ergotherapeutischen Praxis!\",\"description\":\"Rieger Angelika, BSc\",\"publisher\":{\"@id\":\"https:\/\/www.ergotherapie-rieger.at\/#organization\"},\"potentialAction\":[{\"@type\":\"SearchAction\",\"target\":{\"@type\":\"EntryPoint\",\"urlTemplate\":\"https:\/\/www.ergotherapie-rieger.at\/?s={search_term_string}\"},\"query-input\":{\"@type\":\"PropertyValueSpecification\",\"valueRequired\":true,\"valueName\":\"search_term_string\"}}],\"inLanguage\":\"de\"},{\"@type\":\"Organization\",\"@id\":\"https:\/\/www.ergotherapie-rieger.at\/#organization\",\"name\":\"Willkommen in meiner ergotherapeutischen Praxis!\",\"url\":\"https:\/\/www.ergotherapie-rieger.at\/\",\"logo\":{\"@type\":\"ImageObject\",\"inLanguage\":\"de\",\"@id\":\"https:\/\/www.ergotherapie-rieger.at\/#\/schema\/logo\/image\/\",\"url\":\"https:\/\/www.ergotherapie-rieger.at\/wp-content\/uploads\/2025\/06\/cropped-Logo_Zeichen_weiss.png\",\"contentUrl\":\"https:\/\/www.ergotherapie-rieger.at\/wp-content\/uploads\/2025\/06\/cropped-Logo_Zeichen_weiss.png\",\"width\":179,\"height\":250,\"caption\":\"Willkommen in meiner ergotherapeutischen Praxis!\"},\"image\":{\"@id\":\"https:\/\/www.ergotherapie-rieger.at\/#\/schema\/logo\/image\/\"}}]}<\/script>\n<!-- \/ Yoast SEO plugin. -->","yoast_head_json":{"title":"Ablauf &amp; Kosten - Willkommen in meiner ergotherapeutischen Praxis!","robots":{"index":"index","follow":"follow","max-snippet":"max-snippet:-1","max-image-preview":"max-image-preview:large","max-video-preview":"max-video-preview:-1"},"canonical":"http:\/\/www.ergotherapie-rieger.at\/?page_id=72","og_locale":"de_DE","og_type":"article","og_title":"Ablauf &amp; Kosten - Willkommen in meiner ergotherapeutischen Praxis!","og_description":"Um eine ergotherapeutische Behandlung in Anspruch nehmen zu k\u00f6nnen, ben\u00f6tigen Sie eine \u00e4rztliche Zuweisung. Diese kann von Ihrem Hausarzt oder einem Facharzt (z.B. Psychiatrie, Neurologie etc.) ausgestellt werden. Ich bin Vertragstherapeutin der \u00d6GK, SVS und BVAEB. Das bedeutet, dass die Kosten f\u00fcr die Ergotherapie zur G\u00e4nze von der Krankenkasse \u00fcbernommen werden, sofern Sie bei diesen &hellip; \u201eAblauf &amp; Kosten\u201c weiterlesen","og_url":"http:\/\/www.ergotherapie-rieger.at\/?page_id=72","og_site_name":"Willkommen in meiner ergotherapeutischen Praxis!","article_modified_time":"2025-06-10T11:05:09+00:00","twitter_card":"summary_large_image","twitter_misc":{"Gesch\u00e4tzte Lesezeit":"1\u00a0Minute"},"schema":{"@context":"https:\/\/schema.org","@graph":[{"@type":"WebPage","@id":"http:\/\/www.ergotherapie-rieger.at\/?page_id=72","url":"http:\/\/www.ergotherapie-rieger.at\/?page_id=72","name":"Ablauf &amp; Kosten - Willkommen in meiner ergotherapeutischen Praxis!","isPartOf":{"@id":"https:\/\/www.ergotherapie-rieger.at\/#website"},"datePublished":"2025-02-13T15:33:55+00:00","dateModified":"2025-06-10T11:05:09+00:00","breadcrumb":{"@id":"http:\/\/www.ergotherapie-rieger.at\/?page_id=72#breadcrumb"},"inLanguage":"de","potentialAction":[{"@type":"ReadAction","target":["http:\/\/www.ergotherapie-rieger.at\/?page_id=72"]}]},{"@type":"BreadcrumbList","@id":"http:\/\/www.ergotherapie-rieger.at\/?page_id=72#breadcrumb","itemListElement":[{"@type":"ListItem","position":1,"name":"Startseite","item":"https:\/\/www.ergotherapie-rieger.at\/"},{"@type":"ListItem","position":2,"name":"Ablauf &amp; Kosten"}]},{"@type":"WebSite","@id":"https:\/\/www.ergotherapie-rieger.at\/#website","url":"https:\/\/www.ergotherapie-rieger.at\/","name":"Willkommen in meiner ergotherapeutischen Praxis!","description":"Rieger Angelika, BSc","publisher":{"@id":"https:\/\/www.ergotherapie-rieger.at\/#organization"},"potentialAction":[{"@type":"SearchAction","target":{"@type":"EntryPoint","urlTemplate":"https:\/\/www.ergotherapie-rieger.at\/?s={search_term_string}"},"query-input":{"@type":"PropertyValueSpecification","valueRequired":true,"valueName":"search_term_string"}}],"inLanguage":"de"},{"@type":"Organization","@id":"https:\/\/www.ergotherapie-rieger.at\/#organization","name":"Willkommen in meiner ergotherapeutischen Praxis!","url":"https:\/\/www.ergotherapie-rieger.at\/","logo":{"@type":"ImageObject","inLanguage":"de","@id":"https:\/\/www.ergotherapie-rieger.at\/#\/schema\/logo\/image\/","url":"https:\/\/www.ergotherapie-rieger.at\/wp-content\/uploads\/2025\/06\/cropped-Logo_Zeichen_weiss.png","contentUrl":"https:\/\/www.ergotherapie-rieger.at\/wp-content\/uploads\/2025\/06\/cropped-Logo_Zeichen_weiss.png","width":179,"height":250,"caption":"Willkommen in meiner ergotherapeutischen Praxis!"},"image":{"@id":"https:\/\/www.ergotherapie-rieger.at\/#\/schema\/logo\/image\/"}}]}},"_links":{"self":[{"href":"https:\/\/www.ergotherapie-rieger.at\/index.php?rest_route=\/wp\/v2\/pages\/72","targetHints":{"allow":["GET"]}}],"collection":[{"href":"https:\/\/www.ergotherapie-rieger.at\/index.php?rest_route=\/wp\/v2\/pages"}],"about":[{"href":"https:\/\/www.ergotherapie-rieger.at\/index.php?rest_route=\/wp\/v2\/types\/page"}],"author":[{"embeddable":true,"href":"https:\/\/www.ergotherapie-rieger.at\/index.php?rest_route=\/wp\/v2\/users\/1"}],"replies":[{"embeddable":true,"href":"https:\/\/www.ergotherapie-rieger.at\/index.php?rest_route=%2Fwp%2Fv2%2Fcomments&post=72"}],"version-history":[{"count":7,"href":"https:\/\/www.ergotherapie-rieger.at\/index.php?rest_route=\/wp\/v2\/pages\/72\/revisions"}],"predecessor-version":[{"id":174,"href":"https:\/\/www.ergotherapie-rieger.at\/index.php?rest_route=\/wp\/v2\/pages\/72\/revisions\/174"}],"wp:attachment":[{"href":"https:\/\/www.ergotherapie-rieger.at\/index.php?rest_route=%2Fwp%2Fv2%2Fmedia&parent=72"}],"curies":[{"name":"wp","href":"https:\/\/api.w.org\/{rel}","templated":true}]}}